{"id":369,"date":"2026-02-25T15:21:10","date_gmt":"2026-02-25T15:21:10","guid":{"rendered":"https:\/\/shoot.erasmus.site\/?page_id=369"},"modified":"2026-02-25T18:09:32","modified_gmt":"2026-02-25T18:09:32","slug":"r2","status":"publish","type":"page","link":"https:\/\/shoot.erasmus.site\/es\/r2\/","title":{"rendered":"La metodolog\u00eda de narraci\u00f3n de historias fotogr\u00e1ficas digitales SHOOT"},"content":{"rendered":"<p><iframe title=\"Iframe Example\" src=\"https:\/\/shoot.erasmus.site\/wp-content\/pr\/r2\/ES_Digital_Storytelling_Guidelines_teachers\/index.html\" width=\"100%\" height=\"650px\"><\/iframe><\/p>\n<p style=\"text-align: center; margin-top: 20px;\"><a class=\"btn btn-primary\" role=\"button\" href=\"https:\/\/shoot.erasmus.site\/wp-content\/uploads\/2026\/02\/ES_Digital-Storytelling_Guidelines_teachers_ES.pdf\" download=\"\">Download<\/a><\/p>\n<p style=\"text-align: center; margin-top: 20px;\"><a class=\"btn btn-primary\" role=\"button\" href=\"https:\/\/shoot.erasmus.site\/wp-content\/uploads\/2026\/02\/1-SHOOT-WP3-Metodologia_Webinar1_ES.pptx\" download=\"\">Webinar 1 (PPTX)<\/a><\/p>\n<p style=\"text-align: center; margin-top: 20px;\"><a class=\"btn btn-primary\" role=\"button\" href=\"https:\/\/shoot.erasmus.site\/wp-content\/uploads\/2026\/02\/2-SHOOT-WP3-Methodology_Webinar2-Crafting-your-story-from-idea-to-storyboard_ES.pptx\" download=\"\">Webinar 2 (PPTX)<\/a><\/p>\n<p style=\"text-align: center; margin-top: 20px;\"><a class=\"btn btn-primary\" role=\"button\" href=\"https:\/\/shoot.erasmus.site\/wp-content\/uploads\/2026\/02\/3-SHOOT-WP3-Methodology_Webinar3-Producing-and-Sharing-Your-Digital-Photo-Story_ES.pptx\" download=\"\">Webinar 3 (PPTX)<\/a><\/p>\n<p><\/p>","protected":false},"excerpt":{"rendered":"<p>Download Webinar 1 (PPTX) Webinar 2 (PPTX) Webinar 3 (PPTX)<\/p>\n","protected":false},"author":1,"featured_media":0,"parent":0,"menu_order":0,"comment_status":"closed","ping_status":"closed","template":"","meta":{"neve_meta_sidebar":"","neve_meta_container":"","neve_meta_enable_content_width":"off","neve_meta_content_width":100,"neve_meta_title_alignment":"","neve_meta_author_avatar":"","neve_post_elements_order":"","neve_meta_disable_header":"","neve_meta_disable_footer":"","neve_meta_disable_title":"","footnotes":""},"class_list":["post-369","page","type-page","status-publish","hentry"],"_links":{"self":[{"href":"https:\/\/shoot.erasmus.site\/es\/wp-json\/wp\/v2\/pages\/369","targetHints":{"allow":["GET"]}}],"collection":[{"href":"https:\/\/shoot.erasmus.site\/es\/wp-json\/wp\/v2\/pages"}],"about":[{"href":"https:\/\/shoot.erasmus.site\/es\/wp-json\/wp\/v2\/types\/page"}],"author":[{"embeddable":true,"href":"https:\/\/shoot.erasmus.site\/es\/wp-json\/wp\/v2\/users\/1"}],"replies":[{"embeddable":true,"href":"https:\/\/shoot.erasmus.site\/es\/wp-json\/wp\/v2\/comments?post=369"}],"version-history":[{"count":7,"href":"https:\/\/shoot.erasmus.site\/es\/wp-json\/wp\/v2\/pages\/369\/revisions"}],"predecessor-version":[{"id":400,"href":"https:\/\/shoot.erasmus.site\/es\/wp-json\/wp\/v2\/pages\/369\/revisions\/400"}],"wp:attachment":[{"href":"https:\/\/shoot.erasmus.site\/es\/wp-json\/wp\/v2\/media?parent=369"}],"curies":[{"name":"wp","href":"https:\/\/api.w.org\/{rel}","templated":true}]}}