{"id":262,"date":"2025-05-01T08:50:41","date_gmt":"2025-05-01T08:50:41","guid":{"rendered":"https:\/\/shoot.erasmus.site\/?page_id=262"},"modified":"2025-08-28T14:21:56","modified_gmt":"2025-08-28T14:21:56","slug":"r1","status":"publish","type":"page","link":"https:\/\/shoot.erasmus.site\/es\/r1\/","title":{"rendered":"La hoja de ruta de SHOOT: La ense\u00f1anza a trav\u00e9s de la fotograf\u00eda digital inmersiva"},"content":{"rendered":"<p><\/p>\n<h2 style=\"text-align: center;\">Manual para estudiantes<\/h2>\n<p><iframe title=\"Iframe Example\" src=\"https:\/\/shoot.erasmus.site\/wp-content\/pr\/r1\/ES_SHOOT_WP2_Handbook_Students\/index.html\" width=\"100%\" height=\"650px\"><\/iframe><\/p>\n<p style=\"text-align: center; margin-top: 20px;\"><a class=\"btn btn-primary\" role=\"button\" href=\"https:\/\/shoot.erasmus.site\/wp-content\/uploads\/2025\/08\/ES_SHOOT_WP2_Handbook-for-Students.pdf\" download=\"\">Download<\/a><\/p>\n<hr \/>\n<h2 style=\"text-align: center;\">Manual para profesores<\/h2>\n<p><iframe title=\"Iframe Example\" src=\"https:\/\/shoot.erasmus.site\/wp-content\/pr\/r1\/ES_SHOOT_WP2_Handbook_Teachers\/index.html\" width=\"100%\" height=\"650px\"><span style=\"display: inline-block; width: 0px; overflow: hidden; line-height: 0;\" data-mce-type=\"bookmark\" class=\"mce_SELRES_start\">\ufeff<\/span><\/iframe><\/p>\n<p style=\"text-align: center; margin-top: 20px;\"><a class=\"btn btn-primary\" role=\"button\" href=\"https:\/\/shoot.erasmus.site\/wp-content\/uploads\/2025\/08\/ES_SHOOT_WP2_Handbook-for-Teachers.pdf\" download=\"\">Download<\/a><\/p>\n<p><\/p>","protected":false},"excerpt":{"rendered":"<p>Manual para estudiantes Download Manual para profesores \ufeff Download<\/p>\n","protected":false},"author":1,"featured_media":0,"parent":0,"menu_order":0,"comment_status":"closed","ping_status":"closed","template":"","meta":{"neve_meta_sidebar":"","neve_meta_container":"","neve_meta_enable_content_width":"off","neve_meta_content_width":100,"neve_meta_title_alignment":"","neve_meta_author_avatar":"","neve_post_elements_order":"","neve_meta_disable_header":"","neve_meta_disable_footer":"","neve_meta_disable_title":"","footnotes":""},"class_list":["post-262","page","type-page","status-publish","hentry"],"_links":{"self":[{"href":"https:\/\/shoot.erasmus.site\/es\/wp-json\/wp\/v2\/pages\/262","targetHints":{"allow":["GET"]}}],"collection":[{"href":"https:\/\/shoot.erasmus.site\/es\/wp-json\/wp\/v2\/pages"}],"about":[{"href":"https:\/\/shoot.erasmus.site\/es\/wp-json\/wp\/v2\/types\/page"}],"author":[{"embeddable":true,"href":"https:\/\/shoot.erasmus.site\/es\/wp-json\/wp\/v2\/users\/1"}],"replies":[{"embeddable":true,"href":"https:\/\/shoot.erasmus.site\/es\/wp-json\/wp\/v2\/comments?post=262"}],"version-history":[{"count":19,"href":"https:\/\/shoot.erasmus.site\/es\/wp-json\/wp\/v2\/pages\/262\/revisions"}],"predecessor-version":[{"id":349,"href":"https:\/\/shoot.erasmus.site\/es\/wp-json\/wp\/v2\/pages\/262\/revisions\/349"}],"wp:attachment":[{"href":"https:\/\/shoot.erasmus.site\/es\/wp-json\/wp\/v2\/media?parent=262"}],"curies":[{"name":"wp","href":"https:\/\/api.w.org\/{rel}","templated":true}]}}